{"id":299,"date":"2023-03-15T21:17:11","date_gmt":"2023-03-15T13:17:11","guid":{"rendered":"https:\/\/bali-island.com\/?page_id=299"},"modified":"2025-04-12T17:42:35","modified_gmt":"2025-04-12T09:42:35","slug":"ueber-uns","status":"publish","type":"page","link":"https:\/\/www.bali-island.com\/de\/ueber-uns\/","title":{"rendered":"\u00dcber uns"},"content":{"rendered":"<h2>Ihr zuverl\u00e4ssiger Reisef\u00fchrer f\u00fcr Bali<\/h2>\n<p>Willkommen auf Bali-Island.com \u2013 Ihrem ultimativen Reisebegleiter, um die Sch\u00f6nheit, Kultur und unvergesslichen Erlebnisse Balis zu entdecken.<\/p>\n<p>Bali ist mehr als nur ein Urlaubsziel. Hier trifft Kultur auf Natur, Traditionen auf modernen Lebensstil und jede Reise wird zu einer unvergesslichen Geschichte.<\/p>\n<p>Da wir eine tiefe Leidenschaft f\u00fcr Bali haben, wurde Bali-Island.com als Reisef\u00fchrer entwickelt, der Besuchern hilft, die Insel bequem, komfortabel und inspiriert zu erkunden.<\/p>\n<hr \/>\n<h2>Was wir tun<\/h2>\n<p>Auf Bali-Island.com bieten wir ausgew\u00e4hlte Informationen, Reisetipps und Empfehlungen f\u00fcr alle, die eine Reise nach Bali planen. Von versteckten Str\u00e4nden, ber\u00fchmten Tempeln, lokalen kulinarischen Highlights bis hin zu Unterkunftsf\u00fchrern \u2013 wir bieten alles, was Sie f\u00fcr ein unvergessliches Bali-Erlebnis brauchen.<\/p>\n<p>Wir m\u00f6chten mehr als nur ein Reisef\u00fchrer sein. Wir m\u00f6chten Reisenden das wahre Bali n\u00e4herbringen \u2013 seine Menschen, seine Kultur und seine Naturwunder.<\/p>\n<hr \/>\n<h2>Was Sie hier finden:<\/h2>\n<ul>\n<li>Reisef\u00fchrer &amp; Reiserouten<\/li>\n<li>Die besten Unterk\u00fcnfte auf Bali<\/li>\n<li>Empfohlene Restaurants &amp; Caf\u00e9s<\/li>\n<li>Bali Kultur &amp; lokale Traditionen<\/li>\n<li>Natur- &amp; Abenteuerziele<\/li>\n<li>Tipps f\u00fcr Erstbesucher<\/li>\n<li>Reiseangebote &amp; Aktionen<\/li>\n<\/ul>\n<hr \/>\n<h2>Unsere Mission<\/h2>\n<p>Reisende zu inspirieren und zu unterst\u00fctzen, Bali auf eine tiefere Weise zu erkunden \u2013 indem wir lokale Unternehmen unterst\u00fctzen, die Kultur respektieren und die Sch\u00f6nheit jedes Winkels der Insel entdecken.<\/p>\n<hr \/>\n<h2>Warum uns vertrauen?<\/h2>\n<p>Unsere Inhalte werden von einem Team erstellt und kuratiert, das Bali liebt und die Insel in- und auswendig kennt \u2013 von lokalen Experten \u00fcber Reisebegeisterte bis hin zu Hotelfachleuten. Alle Empfehlungen basieren auf echten Erfahrungen und werden regelm\u00e4\u00dfig aktualisiert.<\/p>\n<p>Bali-Island.com \u2013 Mehr entdecken. Bali erleben.<\/p>\n","protected":false},"excerpt":{"rendered":"<p>Ihr zuverl\u00e4ssiger Reisef\u00fchrer f\u00fcr Bali Willkommen auf Bali-Island.com&#8230;<\/p>\n","protected":false},"author":1,"featured_media":0,"parent":0,"menu_order":0,"comment_status":"closed","ping_status":"closed","template":"page-fullwidth.php","meta":{"footnotes":""},"class_list":["post-299","page","type-page","status-publish","hentry"],"yoast_head":"<!-- This site is optimized with the Yoast SEO plugin v25.8 - https:\/\/yoast.com\/wordpress\/plugins\/seo\/ -->\n<title>\u00dcber uns<\/title>\n<meta name=\"description\" content=\"Lernen Sie bali-island.com kennen \u2013 Ihren zuverl\u00e4ssigen Reisef\u00fchrer, um die Sch\u00f6nheit Balis zu entdecken. Wir bieten Tipps, Inspiration und zuverl\u00e4ssige Informationen f\u00fcr Reisende aus aller Welt.\" \/>\n<meta name=\"robots\" content=\"index, follow, max-snippet:-1, max-image-preview:large, max-video-preview:-1\" \/>\n<link rel=\"canonical\" href=\"https:\/\/www.bali-island.com\/de\/ueber-uns\/\" \/>\n<meta property=\"og:locale\" content=\"de_DE\" \/>\n<meta property=\"og:type\" content=\"article\" \/>\n<meta property=\"og:title\" content=\"\u00dcber uns\" \/>\n<meta property=\"og:description\" content=\"Lernen Sie bali-island.com kennen \u2013 Ihren zuverl\u00e4ssigen Reisef\u00fchrer, um die Sch\u00f6nheit Balis zu entdecken. Wir bieten Tipps, Inspiration und zuverl\u00e4ssige Informationen f\u00fcr Reisende aus aller Welt.\" \/>\n<meta property=\"og:url\" content=\"https:\/\/www.bali-island.com\/de\/ueber-uns\/\" \/>\n<meta property=\"og:site_name\" content=\"Bali Island\" \/>\n<meta property=\"article:publisher\" content=\"https:\/\/www.facebook.com\/people\/Bali-Island\/61575583076902\/\" \/>\n<meta property=\"article:modified_time\" content=\"2025-04-12T09:42:35+00:00\" \/>\n<meta name=\"twitter:card\" content=\"summary_large_image\" \/>\n<meta name=\"twitter:label1\" content=\"Gesch\u00e4tzte Lesezeit\" \/>\n\t<meta name=\"twitter:data1\" content=\"2\u00a0Minuten\" \/>\n<script type=\"application\/ld+json\" class=\"yoast-schema-graph\">{\"@context\":\"https:\/\/schema.org\",\"@graph\":[{\"@type\":\"WebPage\",\"@id\":\"https:\/\/www.bali-island.com\/de\/ueber-uns\/\",\"url\":\"https:\/\/www.bali-island.com\/de\/ueber-uns\/\",\"name\":\"\u00dcber uns\",\"isPartOf\":{\"@id\":\"https:\/\/www.bali-island.com\/de\/#website\"},\"datePublished\":\"2023-03-15T13:17:11+00:00\",\"dateModified\":\"2025-04-12T09:42:35+00:00\",\"description\":\"Lernen Sie bali-island.com kennen \u2013 Ihren zuverl\u00e4ssigen Reisef\u00fchrer, um die Sch\u00f6nheit Balis zu entdecken. Wir bieten Tipps, Inspiration und zuverl\u00e4ssige Informationen f\u00fcr Reisende aus aller Welt.\",\"breadcrumb\":{\"@id\":\"https:\/\/www.bali-island.com\/de\/ueber-uns\/#breadcrumb\"},\"inLanguage\":\"de\",\"potentialAction\":[{\"@type\":\"ReadAction\",\"target\":[\"https:\/\/www.bali-island.com\/de\/ueber-uns\/\"]}]},{\"@type\":\"BreadcrumbList\",\"@id\":\"https:\/\/www.bali-island.com\/de\/ueber-uns\/#breadcrumb\",\"itemListElement\":[{\"@type\":\"ListItem\",\"position\":1,\"name\":\"Home\",\"item\":\"https:\/\/www.bali-island.com\/de\/\"},{\"@type\":\"ListItem\",\"position\":2,\"name\":\"\u00dcber uns\"}]},{\"@type\":\"WebSite\",\"@id\":\"https:\/\/www.bali-island.com\/de\/#website\",\"url\":\"https:\/\/www.bali-island.com\/de\/\",\"name\":\"Bali Island\",\"description\":\"Explore the Beauty of the Island of the Gods\",\"publisher\":{\"@id\":\"https:\/\/www.bali-island.com\/de\/#organization\"},\"potentialAction\":[{\"@type\":\"SearchAction\",\"target\":{\"@type\":\"EntryPoint\",\"urlTemplate\":\"https:\/\/www.bali-island.com\/de\/?s={search_term_string}\"},\"query-input\":{\"@type\":\"PropertyValueSpecification\",\"valueRequired\":true,\"valueName\":\"search_term_string\"}}],\"inLanguage\":\"de\"},{\"@type\":\"Organization\",\"@id\":\"https:\/\/www.bali-island.com\/de\/#organization\",\"name\":\"Insel Bali\",\"url\":\"https:\/\/www.bali-island.com\/de\/\",\"logo\":{\"@type\":\"ImageObject\",\"inLanguage\":\"de\",\"@id\":\"https:\/\/www.bali-island.com\/de\/#\/schema\/logo\/image\/\",\"url\":\"https:\/\/www.bali-island.com\/wp-content\/uploads\/2025\/04\/cropped-Untitled_design__13_-removebg-preview-1.png\",\"contentUrl\":\"https:\/\/www.bali-island.com\/wp-content\/uploads\/2025\/04\/cropped-Untitled_design__13_-removebg-preview-1.png\",\"width\":512,\"height\":512,\"caption\":\"Insel Bali\"},\"image\":{\"@id\":\"https:\/\/www.bali-island.com\/de\/#\/schema\/logo\/image\/\"},\"sameAs\":[\"https:\/\/www.facebook.com\/people\/Bali-Island\/61575583076902\/\"]}]}<\/script>\n<!-- \/ Yoast SEO plugin. -->","yoast_head_json":{"title":"\u00dcber uns","description":"Lernen Sie bali-island.com kennen \u2013 Ihren zuverl\u00e4ssigen Reisef\u00fchrer, um die Sch\u00f6nheit Balis zu entdecken. Wir bieten Tipps, Inspiration und zuverl\u00e4ssige Informationen f\u00fcr Reisende aus aller Welt.","robots":{"index":"index","follow":"follow","max-snippet":"max-snippet:-1","max-image-preview":"max-image-preview:large","max-video-preview":"max-video-preview:-1"},"canonical":"https:\/\/www.bali-island.com\/de\/ueber-uns\/","og_locale":"de_DE","og_type":"article","og_title":"\u00dcber uns","og_description":"Lernen Sie bali-island.com kennen \u2013 Ihren zuverl\u00e4ssigen Reisef\u00fchrer, um die Sch\u00f6nheit Balis zu entdecken. Wir bieten Tipps, Inspiration und zuverl\u00e4ssige Informationen f\u00fcr Reisende aus aller Welt.","og_url":"https:\/\/www.bali-island.com\/de\/ueber-uns\/","og_site_name":"Bali Island","article_publisher":"https:\/\/www.facebook.com\/people\/Bali-Island\/61575583076902\/","article_modified_time":"2025-04-12T09:42:35+00:00","twitter_card":"summary_large_image","twitter_misc":{"Gesch\u00e4tzte Lesezeit":"2\u00a0Minuten"},"schema":{"@context":"https:\/\/schema.org","@graph":[{"@type":"WebPage","@id":"https:\/\/www.bali-island.com\/de\/ueber-uns\/","url":"https:\/\/www.bali-island.com\/de\/ueber-uns\/","name":"\u00dcber uns","isPartOf":{"@id":"https:\/\/www.bali-island.com\/de\/#website"},"datePublished":"2023-03-15T13:17:11+00:00","dateModified":"2025-04-12T09:42:35+00:00","description":"Lernen Sie bali-island.com kennen \u2013 Ihren zuverl\u00e4ssigen Reisef\u00fchrer, um die Sch\u00f6nheit Balis zu entdecken. Wir bieten Tipps, Inspiration und zuverl\u00e4ssige Informationen f\u00fcr Reisende aus aller Welt.","breadcrumb":{"@id":"https:\/\/www.bali-island.com\/de\/ueber-uns\/#breadcrumb"},"inLanguage":"de","potentialAction":[{"@type":"ReadAction","target":["https:\/\/www.bali-island.com\/de\/ueber-uns\/"]}]},{"@type":"BreadcrumbList","@id":"https:\/\/www.bali-island.com\/de\/ueber-uns\/#breadcrumb","itemListElement":[{"@type":"ListItem","position":1,"name":"Home","item":"https:\/\/www.bali-island.com\/de\/"},{"@type":"ListItem","position":2,"name":"\u00dcber uns"}]},{"@type":"WebSite","@id":"https:\/\/www.bali-island.com\/de\/#website","url":"https:\/\/www.bali-island.com\/de\/","name":"Bali Island","description":"Explore the Beauty of the Island of the Gods","publisher":{"@id":"https:\/\/www.bali-island.com\/de\/#organization"},"potentialAction":[{"@type":"SearchAction","target":{"@type":"EntryPoint","urlTemplate":"https:\/\/www.bali-island.com\/de\/?s={search_term_string}"},"query-input":{"@type":"PropertyValueSpecification","valueRequired":true,"valueName":"search_term_string"}}],"inLanguage":"de"},{"@type":"Organization","@id":"https:\/\/www.bali-island.com\/de\/#organization","name":"Insel Bali","url":"https:\/\/www.bali-island.com\/de\/","logo":{"@type":"ImageObject","inLanguage":"de","@id":"https:\/\/www.bali-island.com\/de\/#\/schema\/logo\/image\/","url":"https:\/\/www.bali-island.com\/wp-content\/uploads\/2025\/04\/cropped-Untitled_design__13_-removebg-preview-1.png","contentUrl":"https:\/\/www.bali-island.com\/wp-content\/uploads\/2025\/04\/cropped-Untitled_design__13_-removebg-preview-1.png","width":512,"height":512,"caption":"Insel Bali"},"image":{"@id":"https:\/\/www.bali-island.com\/de\/#\/schema\/logo\/image\/"},"sameAs":["https:\/\/www.facebook.com\/people\/Bali-Island\/61575583076902\/"]}]}},"_links":{"self":[{"href":"https:\/\/www.bali-island.com\/de\/wp-json\/wp\/v2\/pages\/299","targetHints":{"allow":["GET"]}}],"collection":[{"href":"https:\/\/www.bali-island.com\/de\/wp-json\/wp\/v2\/pages"}],"about":[{"href":"https:\/\/www.bali-island.com\/de\/wp-json\/wp\/v2\/types\/page"}],"author":[{"embeddable":true,"href":"https:\/\/www.bali-island.com\/de\/wp-json\/wp\/v2\/users\/1"}],"replies":[{"embeddable":true,"href":"https:\/\/www.bali-island.com\/de\/wp-json\/wp\/v2\/comments?post=299"}],"version-history":[{"count":0,"href":"https:\/\/www.bali-island.com\/de\/wp-json\/wp\/v2\/pages\/299\/revisions"}],"wp:attachment":[{"href":"https:\/\/www.bali-island.com\/de\/wp-json\/wp\/v2\/media?parent=299"}],"curies":[{"name":"wp","href":"https:\/\/api.w.org\/{rel}","templated":true}]}}