{"id":4365,"date":"2023-03-15T21:17:11","date_gmt":"2023-03-15T13:17:11","guid":{"rendered":"https:\/\/www.bali-island.com\/?page_id=4365"},"modified":"2026-01-02T18:40:26","modified_gmt":"2026-01-02T10:40:26","slug":"sobre-nosotros","status":"publish","type":"page","link":"https:\/\/www.bali-island.com\/es\/sobre-nosotros\/","title":{"rendered":"Sobre Nosotros"},"content":{"rendered":"<h2>Tu gu\u00eda de confianza para explorar Bali<\/h2>\n<p>Bienvenido a Bali-Island.com, tu compa\u00f1ero de viaje ideal para descubrir la belleza, la cultura y las experiencias inolvidables de Bali.<\/p>\n<p>Bali es m\u00e1s que un simple destino vacacional. Es un lugar donde la cultura se fusiona con la naturaleza, donde las tradiciones se fusionan con el estilo de vida moderno y donde cada viaje se convierte en una historia para recordar.<\/p>\n<p>Como nuestra pasi\u00f3n por Bali es profunda, Bali-Island.com se cre\u00f3 como una gu\u00eda de viajes dedicada a ayudar a los visitantes a explorar la isla con facilidad, comodidad e inspiraci\u00f3n.<\/p>\n<h2>Qu\u00e9 hacemos<\/h2>\n<p>En Bali-Island.com, ofrecemos informaci\u00f3n seleccionada, consejos de viaje y recomendaciones para quienes planean un viaje a Bali. Desde playas escondidas, templos ic\u00f3nicos, restaurantes locales hasta gu\u00edas de alojamiento, cubrimos todo lo que necesitas para que tu experiencia en Bali sea extraordinaria.<\/p>\n<p>Nuestro objetivo es ser m\u00e1s que una simple gu\u00eda de viajes. Queremos conectar a los viajeros con la verdadera esencia de Bali: su gente, su cultura y sus maravillas naturales.<\/p>\n<h2>Qu\u00e9 encontrar\u00e1s aqu\u00ed:<\/h2>\n<ul>\n<li>Gu\u00edas de viaje e itinerarios<\/li>\n<li>Los mejores alojamientos en Bali<\/li>\n<li>Restaurantes y cafeter\u00edas recomendados<\/li>\n<li>Cultura y tradiciones locales de Bali<\/li>\n<li>Destinos de naturaleza y aventura<\/li>\n<li>Consejos para quienes visitan Bali por primera vez<\/li>\n<li>Ofertas y promociones de viaje<\/li>\n<\/ul>\n<h2>Nuestra misi\u00f3n<\/h2>\n<p>Inspirar y ayudar a cada viajero a explorar Bali de una manera m\u00e1s significativa: apoyando a los negocios locales, respetando la cultura y descubriendo la belleza de cada rinc\u00f3n de la isla.<\/p>\n<h2>\u00bfPor qu\u00e9 confiar en nosotros?<\/h2>\n<p>Nuestro contenido es creado y seleccionado por un equipo que ama Bali y la conoce a la perfecci\u00f3n: desde expertos locales y entusiastas de los viajes hasta profesionales de la hosteler\u00eda. Todas las recomendaciones se basan en experiencias reales y se actualizan peri\u00f3dicamente.<\/p>\n<p>Bali-Island.com \u2014 Explora m\u00e1s. Siente Bali.<\/p>\n","protected":false},"excerpt":{"rendered":"<p>Tu gu\u00eda de confianza para explorar Bali Bienvenido&#8230;<\/p>\n","protected":false},"author":1,"featured_media":0,"parent":0,"menu_order":0,"comment_status":"closed","ping_status":"closed","template":"page-fullwidth.php","meta":{"footnotes":""},"class_list":["post-4365","page","type-page","status-publish","hentry"],"yoast_head":"<!-- This site is optimized with the Yoast SEO plugin v25.8 - https:\/\/yoast.com\/wordpress\/plugins\/seo\/ -->\n<title>Sobre Nosotros<\/title>\n<meta name=\"description\" content=\"Con\u00f3cenos, Bali Island, tu gu\u00eda de viajes de confianza para explorar la belleza de Bali. Ofrecemos consejos, inspiraci\u00f3n e informaci\u00f3n fiable para viajeros de todo el mundo.\" \/>\n<meta name=\"robots\" content=\"index, follow, max-snippet:-1, max-image-preview:large, max-video-preview:-1\" \/>\n<link rel=\"canonical\" href=\"https:\/\/www.bali-island.com\/es\/sobre-nosotros\/\" \/>\n<meta property=\"og:locale\" content=\"es_ES\" \/>\n<meta property=\"og:type\" content=\"article\" \/>\n<meta property=\"og:title\" content=\"Sobre Nosotros\" \/>\n<meta property=\"og:description\" content=\"Con\u00f3cenos, Bali Island, tu gu\u00eda de viajes de confianza para explorar la belleza de Bali. Ofrecemos consejos, inspiraci\u00f3n e informaci\u00f3n fiable para viajeros de todo el mundo.\" \/>\n<meta property=\"og:url\" content=\"https:\/\/www.bali-island.com\/es\/sobre-nosotros\/\" \/>\n<meta property=\"og:site_name\" content=\"Bali Island\" \/>\n<meta property=\"article:publisher\" content=\"https:\/\/www.facebook.com\/people\/Bali-Island\/61575583076902\/\" \/>\n<meta property=\"article:modified_time\" content=\"2026-01-02T10:40:26+00:00\" \/>\n<meta name=\"twitter:card\" content=\"summary_large_image\" \/>\n<meta name=\"twitter:label1\" content=\"Tiempo de lectura\" \/>\n\t<meta name=\"twitter:data1\" content=\"2 minutos\" \/>\n<script type=\"application\/ld+json\" class=\"yoast-schema-graph\">{\"@context\":\"https:\/\/schema.org\",\"@graph\":[{\"@type\":\"WebPage\",\"@id\":\"https:\/\/www.bali-island.com\/es\/sobre-nosotros\/\",\"url\":\"https:\/\/www.bali-island.com\/es\/sobre-nosotros\/\",\"name\":\"Sobre Nosotros\",\"isPartOf\":{\"@id\":\"https:\/\/www.bali-island.com\/es\/#website\"},\"datePublished\":\"2023-03-15T13:17:11+00:00\",\"dateModified\":\"2026-01-02T10:40:26+00:00\",\"description\":\"Con\u00f3cenos, Bali Island, tu gu\u00eda de viajes de confianza para explorar la belleza de Bali. Ofrecemos consejos, inspiraci\u00f3n e informaci\u00f3n fiable para viajeros de todo el mundo.\",\"breadcrumb\":{\"@id\":\"https:\/\/www.bali-island.com\/es\/sobre-nosotros\/#breadcrumb\"},\"inLanguage\":\"es\",\"potentialAction\":[{\"@type\":\"ReadAction\",\"target\":[\"https:\/\/www.bali-island.com\/es\/sobre-nosotros\/\"]}]},{\"@type\":\"BreadcrumbList\",\"@id\":\"https:\/\/www.bali-island.com\/es\/sobre-nosotros\/#breadcrumb\",\"itemListElement\":[{\"@type\":\"ListItem\",\"position\":1,\"name\":\"Home\",\"item\":\"https:\/\/www.bali-island.com\/es\/\"},{\"@type\":\"ListItem\",\"position\":2,\"name\":\"Sobre Nosotros\"}]},{\"@type\":\"WebSite\",\"@id\":\"https:\/\/www.bali-island.com\/es\/#website\",\"url\":\"https:\/\/www.bali-island.com\/es\/\",\"name\":\"Bali Island\",\"description\":\"Explore the Beauty of the Island of the Gods\",\"publisher\":{\"@id\":\"https:\/\/www.bali-island.com\/es\/#organization\"},\"potentialAction\":[{\"@type\":\"SearchAction\",\"target\":{\"@type\":\"EntryPoint\",\"urlTemplate\":\"https:\/\/www.bali-island.com\/es\/?s={search_term_string}\"},\"query-input\":{\"@type\":\"PropertyValueSpecification\",\"valueRequired\":true,\"valueName\":\"search_term_string\"}}],\"inLanguage\":\"es\"},{\"@type\":\"Organization\",\"@id\":\"https:\/\/www.bali-island.com\/es\/#organization\",\"name\":\"Pulau Bali\",\"url\":\"https:\/\/www.bali-island.com\/es\/\",\"logo\":{\"@type\":\"ImageObject\",\"inLanguage\":\"es\",\"@id\":\"https:\/\/www.bali-island.com\/es\/#\/schema\/logo\/image\/\",\"url\":\"https:\/\/www.bali-island.com\/wp-content\/uploads\/2025\/04\/cropped-Untitled_design__13_-removebg-preview-1.png\",\"contentUrl\":\"https:\/\/www.bali-island.com\/wp-content\/uploads\/2025\/04\/cropped-Untitled_design__13_-removebg-preview-1.png\",\"width\":512,\"height\":512,\"caption\":\"Pulau Bali\"},\"image\":{\"@id\":\"https:\/\/www.bali-island.com\/es\/#\/schema\/logo\/image\/\"},\"sameAs\":[\"https:\/\/www.facebook.com\/people\/Bali-Island\/61575583076902\/\"]}]}<\/script>\n<!-- \/ Yoast SEO plugin. -->","yoast_head_json":{"title":"Sobre Nosotros","description":"Con\u00f3cenos, Bali Island, tu gu\u00eda de viajes de confianza para explorar la belleza de Bali. Ofrecemos consejos, inspiraci\u00f3n e informaci\u00f3n fiable para viajeros de todo el mundo.","robots":{"index":"index","follow":"follow","max-snippet":"max-snippet:-1","max-image-preview":"max-image-preview:large","max-video-preview":"max-video-preview:-1"},"canonical":"https:\/\/www.bali-island.com\/es\/sobre-nosotros\/","og_locale":"es_ES","og_type":"article","og_title":"Sobre Nosotros","og_description":"Con\u00f3cenos, Bali Island, tu gu\u00eda de viajes de confianza para explorar la belleza de Bali. Ofrecemos consejos, inspiraci\u00f3n e informaci\u00f3n fiable para viajeros de todo el mundo.","og_url":"https:\/\/www.bali-island.com\/es\/sobre-nosotros\/","og_site_name":"Bali Island","article_publisher":"https:\/\/www.facebook.com\/people\/Bali-Island\/61575583076902\/","article_modified_time":"2026-01-02T10:40:26+00:00","twitter_card":"summary_large_image","twitter_misc":{"Tiempo de lectura":"2 minutos"},"schema":{"@context":"https:\/\/schema.org","@graph":[{"@type":"WebPage","@id":"https:\/\/www.bali-island.com\/es\/sobre-nosotros\/","url":"https:\/\/www.bali-island.com\/es\/sobre-nosotros\/","name":"Sobre Nosotros","isPartOf":{"@id":"https:\/\/www.bali-island.com\/es\/#website"},"datePublished":"2023-03-15T13:17:11+00:00","dateModified":"2026-01-02T10:40:26+00:00","description":"Con\u00f3cenos, Bali Island, tu gu\u00eda de viajes de confianza para explorar la belleza de Bali. Ofrecemos consejos, inspiraci\u00f3n e informaci\u00f3n fiable para viajeros de todo el mundo.","breadcrumb":{"@id":"https:\/\/www.bali-island.com\/es\/sobre-nosotros\/#breadcrumb"},"inLanguage":"es","potentialAction":[{"@type":"ReadAction","target":["https:\/\/www.bali-island.com\/es\/sobre-nosotros\/"]}]},{"@type":"BreadcrumbList","@id":"https:\/\/www.bali-island.com\/es\/sobre-nosotros\/#breadcrumb","itemListElement":[{"@type":"ListItem","position":1,"name":"Home","item":"https:\/\/www.bali-island.com\/es\/"},{"@type":"ListItem","position":2,"name":"Sobre Nosotros"}]},{"@type":"WebSite","@id":"https:\/\/www.bali-island.com\/es\/#website","url":"https:\/\/www.bali-island.com\/es\/","name":"Bali Island","description":"Explore the Beauty of the Island of the Gods","publisher":{"@id":"https:\/\/www.bali-island.com\/es\/#organization"},"potentialAction":[{"@type":"SearchAction","target":{"@type":"EntryPoint","urlTemplate":"https:\/\/www.bali-island.com\/es\/?s={search_term_string}"},"query-input":{"@type":"PropertyValueSpecification","valueRequired":true,"valueName":"search_term_string"}}],"inLanguage":"es"},{"@type":"Organization","@id":"https:\/\/www.bali-island.com\/es\/#organization","name":"Pulau Bali","url":"https:\/\/www.bali-island.com\/es\/","logo":{"@type":"ImageObject","inLanguage":"es","@id":"https:\/\/www.bali-island.com\/es\/#\/schema\/logo\/image\/","url":"https:\/\/www.bali-island.com\/wp-content\/uploads\/2025\/04\/cropped-Untitled_design__13_-removebg-preview-1.png","contentUrl":"https:\/\/www.bali-island.com\/wp-content\/uploads\/2025\/04\/cropped-Untitled_design__13_-removebg-preview-1.png","width":512,"height":512,"caption":"Pulau Bali"},"image":{"@id":"https:\/\/www.bali-island.com\/es\/#\/schema\/logo\/image\/"},"sameAs":["https:\/\/www.facebook.com\/people\/Bali-Island\/61575583076902\/"]}]}},"_links":{"self":[{"href":"https:\/\/www.bali-island.com\/es\/wp-json\/wp\/v2\/pages\/4365","targetHints":{"allow":["GET"]}}],"collection":[{"href":"https:\/\/www.bali-island.com\/es\/wp-json\/wp\/v2\/pages"}],"about":[{"href":"https:\/\/www.bali-island.com\/es\/wp-json\/wp\/v2\/types\/page"}],"author":[{"embeddable":true,"href":"https:\/\/www.bali-island.com\/es\/wp-json\/wp\/v2\/users\/1"}],"replies":[{"embeddable":true,"href":"https:\/\/www.bali-island.com\/es\/wp-json\/wp\/v2\/comments?post=4365"}],"version-history":[{"count":1,"href":"https:\/\/www.bali-island.com\/es\/wp-json\/wp\/v2\/pages\/4365\/revisions"}],"predecessor-version":[{"id":4366,"href":"https:\/\/www.bali-island.com\/es\/wp-json\/wp\/v2\/pages\/4365\/revisions\/4366"}],"wp:attachment":[{"href":"https:\/\/www.bali-island.com\/es\/wp-json\/wp\/v2\/media?parent=4365"}],"curies":[{"name":"wp","href":"https:\/\/api.w.org\/{rel}","templated":true}]}}