{"id":297,"date":"2023-03-15T21:17:11","date_gmt":"2023-03-15T13:17:11","guid":{"rendered":"https:\/\/bali-island.com\/?page_id=297"},"modified":"2025-04-12T17:40:07","modified_gmt":"2025-04-12T09:40:07","slug":"a-propos-de-nous","status":"publish","type":"page","link":"https:\/\/www.bali-island.com\/fr\/a-propos-de-nous\/","title":{"rendered":"\u00c0 propos de nous"},"content":{"rendered":"<h2>Votre guide de confiance pour explorer Bali<\/h2>\n<p>Bienvenue sur Bali-Island.com, votre compagnon de voyage id\u00e9al pour d\u00e9couvrir la beaut\u00e9, la culture et des exp\u00e9riences inoubliables \u00e0 Bali.<\/p>\n<p>Bali est bien plus qu&rsquo;une simple destination de vacances. C&rsquo;est un lieu o\u00f9 la culture rencontre la nature, o\u00f9 les traditions se m\u00ealent \u00e0 la modernit\u00e9, et o\u00f9 chaque voyage devient un souvenir inoubliable.<\/p>\n<p>Parce que notre passion pour Bali est profonde, Bali-Island.com a \u00e9t\u00e9 cr\u00e9\u00e9 comme un guide de voyage d\u00e9di\u00e9 pour aider les visiteurs \u00e0 explorer l&rsquo;\u00eele avec facilit\u00e9, confort et inspiration.<\/p>\n<hr \/>\n<h2>Notre offre<\/h2>\n<p>Chez Bali-Island.com, nous fournissons des informations, des conseils de voyage et des recommandations pour tous ceux qui planifient un voyage \u00e0 Bali. Des plages cach\u00e9es aux temples embl\u00e9matiques, en passant par les restaurants locaux et les guides d&rsquo;h\u00e9bergement, nous couvrons tout ce dont vous avez besoin pour rendre votre exp\u00e9rience \u00e0 Bali extraordinaire.<\/p>\n<p>Notre objectif est d&rsquo;\u00eatre plus qu&rsquo;un simple guide de voyage. Nous souhaitons faire d\u00e9couvrir aux voyageurs l&rsquo;essence m\u00eame de Bali : ses habitants, sa culture et ses merveilles naturelles.<\/p>\n<hr \/>\n<h2>Ce que vous trouverez ici :<\/h2>\n<ul>\n<li>Guides de voyage et itin\u00e9raires<\/li>\n<li>Meilleurs h\u00e9bergements \u00e0 Bali<\/li>\n<li>Restaurants et caf\u00e9s recommand\u00e9s<\/li>\n<li>Culture et traditions locales de Bali<\/li>\n<li>Destinations nature et aventure<\/li>\n<li>Conseils pour les nouveaux visiteurs<\/li>\n<li>Offres et promotions de voyage<\/li>\n<\/ul>\n<hr \/>\n<h2>Notre mission<\/h2>\n<p>Inspirer et aider chaque voyageur \u00e0 explorer Bali de mani\u00e8re plus enrichissante, en soutenant les entreprises locales, en respectant la culture et en d\u00e9couvrant la beaut\u00e9 de chaque recoin de l&rsquo;\u00eele.<\/p>\n<hr \/>\n<h2>Pourquoi nous faire confiance ?<\/h2>\n<p>Notre contenu est cr\u00e9\u00e9 et organis\u00e9 par une \u00e9quipe passionn\u00e9e de Bali qui la conna\u00eet par c\u0153ur : experts locaux, passionn\u00e9s de voyages et professionnels de l&rsquo;h\u00f4tellerie. Toutes les recommandations sont bas\u00e9es sur des exp\u00e9riences r\u00e9elles et mises \u00e0 jour r\u00e9guli\u00e8rement.<\/p>\n<p>Bali-Island.com \u2014 Explorez plus. Vivez Bali.<\/p>\n","protected":false},"excerpt":{"rendered":"<p>Votre guide de confiance pour explorer Bali Bienvenue&#8230;<\/p>\n","protected":false},"author":1,"featured_media":0,"parent":0,"menu_order":0,"comment_status":"closed","ping_status":"closed","template":"page-fullwidth.php","meta":{"footnotes":""},"class_list":["post-297","page","type-page","status-publish","hentry"],"yoast_head":"<!-- This site is optimized with the Yoast SEO plugin v25.8 - https:\/\/yoast.com\/wordpress\/plugins\/seo\/ -->\n<title>\u00c0 propos de nous<\/title>\n<meta name=\"description\" content=\"D\u00e9couvrez bali-island.com, votre guide de voyage de confiance pour explorer la beaut\u00e9 de Bali. Nous proposons des conseils, de l&#039;inspiration et des informations fiables aux voyageurs du monde entier.\" \/>\n<meta name=\"robots\" content=\"index, follow, max-snippet:-1, max-image-preview:large, max-video-preview:-1\" \/>\n<link rel=\"canonical\" href=\"https:\/\/www.bali-island.com\/fr\/a-propos-de-nous\/\" \/>\n<meta property=\"og:locale\" content=\"fr_FR\" \/>\n<meta property=\"og:type\" content=\"article\" \/>\n<meta property=\"og:title\" content=\"\u00c0 propos de nous\" \/>\n<meta property=\"og:description\" content=\"D\u00e9couvrez bali-island.com, votre guide de voyage de confiance pour explorer la beaut\u00e9 de Bali. Nous proposons des conseils, de l&#039;inspiration et des informations fiables aux voyageurs du monde entier.\" \/>\n<meta property=\"og:url\" content=\"https:\/\/www.bali-island.com\/fr\/a-propos-de-nous\/\" \/>\n<meta property=\"og:site_name\" content=\"Bali Island\" \/>\n<meta property=\"article:publisher\" content=\"https:\/\/www.facebook.com\/people\/Bali-Island\/61575583076902\/\" \/>\n<meta property=\"article:modified_time\" content=\"2025-04-12T09:40:07+00:00\" \/>\n<meta name=\"twitter:card\" content=\"summary_large_image\" \/>\n<meta name=\"twitter:label1\" content=\"Dur\u00e9e de lecture estim\u00e9e\" \/>\n\t<meta name=\"twitter:data1\" content=\"2 minutes\" \/>\n<script type=\"application\/ld+json\" class=\"yoast-schema-graph\">{\"@context\":\"https:\/\/schema.org\",\"@graph\":[{\"@type\":\"WebPage\",\"@id\":\"https:\/\/www.bali-island.com\/fr\/a-propos-de-nous\/\",\"url\":\"https:\/\/www.bali-island.com\/fr\/a-propos-de-nous\/\",\"name\":\"\u00c0 propos de nous\",\"isPartOf\":{\"@id\":\"https:\/\/www.bali-island.com\/fr\/#website\"},\"datePublished\":\"2023-03-15T13:17:11+00:00\",\"dateModified\":\"2025-04-12T09:40:07+00:00\",\"description\":\"D\u00e9couvrez bali-island.com, votre guide de voyage de confiance pour explorer la beaut\u00e9 de Bali. Nous proposons des conseils, de l'inspiration et des informations fiables aux voyageurs du monde entier.\",\"breadcrumb\":{\"@id\":\"https:\/\/www.bali-island.com\/fr\/a-propos-de-nous\/#breadcrumb\"},\"inLanguage\":\"fr-FR\",\"potentialAction\":[{\"@type\":\"ReadAction\",\"target\":[\"https:\/\/www.bali-island.com\/fr\/a-propos-de-nous\/\"]}]},{\"@type\":\"BreadcrumbList\",\"@id\":\"https:\/\/www.bali-island.com\/fr\/a-propos-de-nous\/#breadcrumb\",\"itemListElement\":[{\"@type\":\"ListItem\",\"position\":1,\"name\":\"Home\",\"item\":\"https:\/\/www.bali-island.com\/fr\/\"},{\"@type\":\"ListItem\",\"position\":2,\"name\":\"\u00c0 propos de nous\"}]},{\"@type\":\"WebSite\",\"@id\":\"https:\/\/www.bali-island.com\/fr\/#website\",\"url\":\"https:\/\/www.bali-island.com\/fr\/\",\"name\":\"Bali Island\",\"description\":\"More Than Just a Destination\",\"publisher\":{\"@id\":\"https:\/\/www.bali-island.com\/fr\/#organization\"},\"potentialAction\":[{\"@type\":\"SearchAction\",\"target\":{\"@type\":\"EntryPoint\",\"urlTemplate\":\"https:\/\/www.bali-island.com\/fr\/?s={search_term_string}\"},\"query-input\":{\"@type\":\"PropertyValueSpecification\",\"valueRequired\":true,\"valueName\":\"search_term_string\"}}],\"inLanguage\":\"fr-FR\"},{\"@type\":\"Organization\",\"@id\":\"https:\/\/www.bali-island.com\/fr\/#organization\",\"name\":\"\u00cele de Bali\",\"url\":\"https:\/\/www.bali-island.com\/fr\/\",\"logo\":{\"@type\":\"ImageObject\",\"inLanguage\":\"fr-FR\",\"@id\":\"https:\/\/www.bali-island.com\/fr\/#\/schema\/logo\/image\/\",\"url\":\"https:\/\/www.bali-island.com\/wp-content\/uploads\/2025\/04\/cropped-Untitled_design__13_-removebg-preview-1.png\",\"contentUrl\":\"https:\/\/www.bali-island.com\/wp-content\/uploads\/2025\/04\/cropped-Untitled_design__13_-removebg-preview-1.png\",\"width\":512,\"height\":512,\"caption\":\"\u00cele de Bali\"},\"image\":{\"@id\":\"https:\/\/www.bali-island.com\/fr\/#\/schema\/logo\/image\/\"},\"sameAs\":[\"https:\/\/www.facebook.com\/people\/Bali-Island\/61575583076902\/\"]}]}<\/script>\n<!-- \/ Yoast SEO plugin. -->","yoast_head_json":{"title":"\u00c0 propos de nous","description":"D\u00e9couvrez bali-island.com, votre guide de voyage de confiance pour explorer la beaut\u00e9 de Bali. Nous proposons des conseils, de l'inspiration et des informations fiables aux voyageurs du monde entier.","robots":{"index":"index","follow":"follow","max-snippet":"max-snippet:-1","max-image-preview":"max-image-preview:large","max-video-preview":"max-video-preview:-1"},"canonical":"https:\/\/www.bali-island.com\/fr\/a-propos-de-nous\/","og_locale":"fr_FR","og_type":"article","og_title":"\u00c0 propos de nous","og_description":"D\u00e9couvrez bali-island.com, votre guide de voyage de confiance pour explorer la beaut\u00e9 de Bali. Nous proposons des conseils, de l'inspiration et des informations fiables aux voyageurs du monde entier.","og_url":"https:\/\/www.bali-island.com\/fr\/a-propos-de-nous\/","og_site_name":"Bali Island","article_publisher":"https:\/\/www.facebook.com\/people\/Bali-Island\/61575583076902\/","article_modified_time":"2025-04-12T09:40:07+00:00","twitter_card":"summary_large_image","twitter_misc":{"Dur\u00e9e de lecture estim\u00e9e":"2 minutes"},"schema":{"@context":"https:\/\/schema.org","@graph":[{"@type":"WebPage","@id":"https:\/\/www.bali-island.com\/fr\/a-propos-de-nous\/","url":"https:\/\/www.bali-island.com\/fr\/a-propos-de-nous\/","name":"\u00c0 propos de nous","isPartOf":{"@id":"https:\/\/www.bali-island.com\/fr\/#website"},"datePublished":"2023-03-15T13:17:11+00:00","dateModified":"2025-04-12T09:40:07+00:00","description":"D\u00e9couvrez bali-island.com, votre guide de voyage de confiance pour explorer la beaut\u00e9 de Bali. Nous proposons des conseils, de l'inspiration et des informations fiables aux voyageurs du monde entier.","breadcrumb":{"@id":"https:\/\/www.bali-island.com\/fr\/a-propos-de-nous\/#breadcrumb"},"inLanguage":"fr-FR","potentialAction":[{"@type":"ReadAction","target":["https:\/\/www.bali-island.com\/fr\/a-propos-de-nous\/"]}]},{"@type":"BreadcrumbList","@id":"https:\/\/www.bali-island.com\/fr\/a-propos-de-nous\/#breadcrumb","itemListElement":[{"@type":"ListItem","position":1,"name":"Home","item":"https:\/\/www.bali-island.com\/fr\/"},{"@type":"ListItem","position":2,"name":"\u00c0 propos de nous"}]},{"@type":"WebSite","@id":"https:\/\/www.bali-island.com\/fr\/#website","url":"https:\/\/www.bali-island.com\/fr\/","name":"Bali Island","description":"More Than Just a Destination","publisher":{"@id":"https:\/\/www.bali-island.com\/fr\/#organization"},"potentialAction":[{"@type":"SearchAction","target":{"@type":"EntryPoint","urlTemplate":"https:\/\/www.bali-island.com\/fr\/?s={search_term_string}"},"query-input":{"@type":"PropertyValueSpecification","valueRequired":true,"valueName":"search_term_string"}}],"inLanguage":"fr-FR"},{"@type":"Organization","@id":"https:\/\/www.bali-island.com\/fr\/#organization","name":"\u00cele de Bali","url":"https:\/\/www.bali-island.com\/fr\/","logo":{"@type":"ImageObject","inLanguage":"fr-FR","@id":"https:\/\/www.bali-island.com\/fr\/#\/schema\/logo\/image\/","url":"https:\/\/www.bali-island.com\/wp-content\/uploads\/2025\/04\/cropped-Untitled_design__13_-removebg-preview-1.png","contentUrl":"https:\/\/www.bali-island.com\/wp-content\/uploads\/2025\/04\/cropped-Untitled_design__13_-removebg-preview-1.png","width":512,"height":512,"caption":"\u00cele de Bali"},"image":{"@id":"https:\/\/www.bali-island.com\/fr\/#\/schema\/logo\/image\/"},"sameAs":["https:\/\/www.facebook.com\/people\/Bali-Island\/61575583076902\/"]}]}},"_links":{"self":[{"href":"https:\/\/www.bali-island.com\/fr\/wp-json\/wp\/v2\/pages\/297","targetHints":{"allow":["GET"]}}],"collection":[{"href":"https:\/\/www.bali-island.com\/fr\/wp-json\/wp\/v2\/pages"}],"about":[{"href":"https:\/\/www.bali-island.com\/fr\/wp-json\/wp\/v2\/types\/page"}],"author":[{"embeddable":true,"href":"https:\/\/www.bali-island.com\/fr\/wp-json\/wp\/v2\/users\/1"}],"replies":[{"embeddable":true,"href":"https:\/\/www.bali-island.com\/fr\/wp-json\/wp\/v2\/comments?post=297"}],"version-history":[{"count":0,"href":"https:\/\/www.bali-island.com\/fr\/wp-json\/wp\/v2\/pages\/297\/revisions"}],"wp:attachment":[{"href":"https:\/\/www.bali-island.com\/fr\/wp-json\/wp\/v2\/media?parent=297"}],"curies":[{"name":"wp","href":"https:\/\/api.w.org\/{rel}","templated":true}]}}