{"id":307,"date":"2023-03-13T13:15:09","date_gmt":"2023-03-13T05:15:09","guid":{"rendered":"https:\/\/bali-island.com\/?page_id=307"},"modified":"2025-04-12T17:45:52","modified_gmt":"2025-04-12T09:45:52","slug":"indice","status":"publish","type":"page","link":"https:\/\/www.bali-island.com\/fr\/indice\/","title":{"rendered":"Indice"},"content":{"rendered":"","protected":false},"excerpt":{"rendered":"","protected":false},"author":1,"featured_media":0,"parent":0,"menu_order":0,"comment_status":"closed","ping_status":"open","template":"page-index.php","meta":{"footnotes":""},"class_list":["post-307","page","type-page","status-publish","hentry"],"yoast_head":"<!-- This site is optimized with the Yoast SEO plugin v25.8 - https:\/\/yoast.com\/wordpress\/plugins\/seo\/ -->\n<title>Indice<\/title>\n<meta name=\"description\" content=\"D\u00e9couvrez le charme de Bali avec bali-island.com \u2014 un guide de vacances complet avec des conseils de voyage, des destinations touristiques, des activit\u00e9s amusantes, des h\u00e9bergements et des informations locales pour vos vacances de r\u00eave sur l&#039;\u00eele des dieux.\" \/>\n<meta name=\"robots\" content=\"index, follow, max-snippet:-1, max-image-preview:large, max-video-preview:-1\" \/>\n<link rel=\"canonical\" href=\"https:\/\/www.bali-island.com\/fr\/indice\/\" \/>\n<meta property=\"og:locale\" content=\"fr_FR\" \/>\n<meta property=\"og:type\" content=\"article\" \/>\n<meta property=\"og:title\" content=\"Indice\" \/>\n<meta property=\"og:description\" content=\"D\u00e9couvrez le charme de Bali avec bali-island.com \u2014 un guide de vacances complet avec des conseils de voyage, des destinations touristiques, des activit\u00e9s amusantes, des h\u00e9bergements et des informations locales pour vos vacances de r\u00eave sur l&#039;\u00eele des dieux.\" \/>\n<meta property=\"og:url\" content=\"https:\/\/www.bali-island.com\/fr\/indice\/\" \/>\n<meta property=\"og:site_name\" content=\"Bali Island\" \/>\n<meta property=\"article:publisher\" content=\"https:\/\/www.facebook.com\/people\/Bali-Island\/61575583076902\/\" \/>\n<meta property=\"article:modified_time\" content=\"2025-04-12T09:45:52+00:00\" \/>\n<meta name=\"twitter:card\" content=\"summary_large_image\" \/>\n<script type=\"application\/ld+json\" class=\"yoast-schema-graph\">{\"@context\":\"https:\/\/schema.org\",\"@graph\":[{\"@type\":\"WebPage\",\"@id\":\"https:\/\/www.bali-island.com\/fr\/indice\/\",\"url\":\"https:\/\/www.bali-island.com\/fr\/indice\/\",\"name\":\"Indice\",\"isPartOf\":{\"@id\":\"https:\/\/www.bali-island.com\/fr\/#website\"},\"datePublished\":\"2023-03-13T05:15:09+00:00\",\"dateModified\":\"2025-04-12T09:45:52+00:00\",\"description\":\"D\u00e9couvrez le charme de Bali avec bali-island.com \u2014 un guide de vacances complet avec des conseils de voyage, des destinations touristiques, des activit\u00e9s amusantes, des h\u00e9bergements et des informations locales pour vos vacances de r\u00eave sur l'\u00eele des dieux.\",\"breadcrumb\":{\"@id\":\"https:\/\/www.bali-island.com\/fr\/indice\/#breadcrumb\"},\"inLanguage\":\"fr-FR\",\"potentialAction\":[{\"@type\":\"ReadAction\",\"target\":[\"https:\/\/www.bali-island.com\/fr\/indice\/\"]}]},{\"@type\":\"BreadcrumbList\",\"@id\":\"https:\/\/www.bali-island.com\/fr\/indice\/#breadcrumb\",\"itemListElement\":[{\"@type\":\"ListItem\",\"position\":1,\"name\":\"Home\",\"item\":\"https:\/\/www.bali-island.com\/fr\/\"},{\"@type\":\"ListItem\",\"position\":2,\"name\":\"Indice\"}]},{\"@type\":\"WebSite\",\"@id\":\"https:\/\/www.bali-island.com\/fr\/#website\",\"url\":\"https:\/\/www.bali-island.com\/fr\/\",\"name\":\"Bali Island\",\"description\":\"More Than Just a Destination\",\"publisher\":{\"@id\":\"https:\/\/www.bali-island.com\/fr\/#organization\"},\"potentialAction\":[{\"@type\":\"SearchAction\",\"target\":{\"@type\":\"EntryPoint\",\"urlTemplate\":\"https:\/\/www.bali-island.com\/fr\/?s={search_term_string}\"},\"query-input\":{\"@type\":\"PropertyValueSpecification\",\"valueRequired\":true,\"valueName\":\"search_term_string\"}}],\"inLanguage\":\"fr-FR\"},{\"@type\":\"Organization\",\"@id\":\"https:\/\/www.bali-island.com\/fr\/#organization\",\"name\":\"\u00cele de Bali\",\"url\":\"https:\/\/www.bali-island.com\/fr\/\",\"logo\":{\"@type\":\"ImageObject\",\"inLanguage\":\"fr-FR\",\"@id\":\"https:\/\/www.bali-island.com\/fr\/#\/schema\/logo\/image\/\",\"url\":\"https:\/\/www.bali-island.com\/wp-content\/uploads\/2025\/04\/cropped-Untitled_design__13_-removebg-preview-1.png\",\"contentUrl\":\"https:\/\/www.bali-island.com\/wp-content\/uploads\/2025\/04\/cropped-Untitled_design__13_-removebg-preview-1.png\",\"width\":512,\"height\":512,\"caption\":\"\u00cele de Bali\"},\"image\":{\"@id\":\"https:\/\/www.bali-island.com\/fr\/#\/schema\/logo\/image\/\"},\"sameAs\":[\"https:\/\/www.facebook.com\/people\/Bali-Island\/61575583076902\/\"]}]}<\/script>\n<!-- \/ Yoast SEO plugin. -->","yoast_head_json":{"title":"Indice","description":"D\u00e9couvrez le charme de Bali avec bali-island.com \u2014 un guide de vacances complet avec des conseils de voyage, des destinations touristiques, des activit\u00e9s amusantes, des h\u00e9bergements et des informations locales pour vos vacances de r\u00eave sur l'\u00eele des dieux.","robots":{"index":"index","follow":"follow","max-snippet":"max-snippet:-1","max-image-preview":"max-image-preview:large","max-video-preview":"max-video-preview:-1"},"canonical":"https:\/\/www.bali-island.com\/fr\/indice\/","og_locale":"fr_FR","og_type":"article","og_title":"Indice","og_description":"D\u00e9couvrez le charme de Bali avec bali-island.com \u2014 un guide de vacances complet avec des conseils de voyage, des destinations touristiques, des activit\u00e9s amusantes, des h\u00e9bergements et des informations locales pour vos vacances de r\u00eave sur l'\u00eele des dieux.","og_url":"https:\/\/www.bali-island.com\/fr\/indice\/","og_site_name":"Bali Island","article_publisher":"https:\/\/www.facebook.com\/people\/Bali-Island\/61575583076902\/","article_modified_time":"2025-04-12T09:45:52+00:00","twitter_card":"summary_large_image","schema":{"@context":"https:\/\/schema.org","@graph":[{"@type":"WebPage","@id":"https:\/\/www.bali-island.com\/fr\/indice\/","url":"https:\/\/www.bali-island.com\/fr\/indice\/","name":"Indice","isPartOf":{"@id":"https:\/\/www.bali-island.com\/fr\/#website"},"datePublished":"2023-03-13T05:15:09+00:00","dateModified":"2025-04-12T09:45:52+00:00","description":"D\u00e9couvrez le charme de Bali avec bali-island.com \u2014 un guide de vacances complet avec des conseils de voyage, des destinations touristiques, des activit\u00e9s amusantes, des h\u00e9bergements et des informations locales pour vos vacances de r\u00eave sur l'\u00eele des dieux.","breadcrumb":{"@id":"https:\/\/www.bali-island.com\/fr\/indice\/#breadcrumb"},"inLanguage":"fr-FR","potentialAction":[{"@type":"ReadAction","target":["https:\/\/www.bali-island.com\/fr\/indice\/"]}]},{"@type":"BreadcrumbList","@id":"https:\/\/www.bali-island.com\/fr\/indice\/#breadcrumb","itemListElement":[{"@type":"ListItem","position":1,"name":"Home","item":"https:\/\/www.bali-island.com\/fr\/"},{"@type":"ListItem","position":2,"name":"Indice"}]},{"@type":"WebSite","@id":"https:\/\/www.bali-island.com\/fr\/#website","url":"https:\/\/www.bali-island.com\/fr\/","name":"Bali Island","description":"More Than Just a Destination","publisher":{"@id":"https:\/\/www.bali-island.com\/fr\/#organization"},"potentialAction":[{"@type":"SearchAction","target":{"@type":"EntryPoint","urlTemplate":"https:\/\/www.bali-island.com\/fr\/?s={search_term_string}"},"query-input":{"@type":"PropertyValueSpecification","valueRequired":true,"valueName":"search_term_string"}}],"inLanguage":"fr-FR"},{"@type":"Organization","@id":"https:\/\/www.bali-island.com\/fr\/#organization","name":"\u00cele de Bali","url":"https:\/\/www.bali-island.com\/fr\/","logo":{"@type":"ImageObject","inLanguage":"fr-FR","@id":"https:\/\/www.bali-island.com\/fr\/#\/schema\/logo\/image\/","url":"https:\/\/www.bali-island.com\/wp-content\/uploads\/2025\/04\/cropped-Untitled_design__13_-removebg-preview-1.png","contentUrl":"https:\/\/www.bali-island.com\/wp-content\/uploads\/2025\/04\/cropped-Untitled_design__13_-removebg-preview-1.png","width":512,"height":512,"caption":"\u00cele de Bali"},"image":{"@id":"https:\/\/www.bali-island.com\/fr\/#\/schema\/logo\/image\/"},"sameAs":["https:\/\/www.facebook.com\/people\/Bali-Island\/61575583076902\/"]}]}},"_links":{"self":[{"href":"https:\/\/www.bali-island.com\/fr\/wp-json\/wp\/v2\/pages\/307","targetHints":{"allow":["GET"]}}],"collection":[{"href":"https:\/\/www.bali-island.com\/fr\/wp-json\/wp\/v2\/pages"}],"about":[{"href":"https:\/\/www.bali-island.com\/fr\/wp-json\/wp\/v2\/types\/page"}],"author":[{"embeddable":true,"href":"https:\/\/www.bali-island.com\/fr\/wp-json\/wp\/v2\/users\/1"}],"replies":[{"embeddable":true,"href":"https:\/\/www.bali-island.com\/fr\/wp-json\/wp\/v2\/comments?post=307"}],"version-history":[{"count":0,"href":"https:\/\/www.bali-island.com\/fr\/wp-json\/wp\/v2\/pages\/307\/revisions"}],"wp:attachment":[{"href":"https:\/\/www.bali-island.com\/fr\/wp-json\/wp\/v2\/media?parent=307"}],"curies":[{"name":"wp","href":"https:\/\/api.w.org\/{rel}","templated":true}]}}