{"id":314,"date":"2023-03-13T13:15:09","date_gmt":"2023-03-13T05:15:09","guid":{"rendered":"https:\/\/bali-island.com\/?page_id=314"},"modified":"2025-04-23T13:15:23","modified_gmt":"2025-04-23T05:15:23","slug":"politique-de-confidentialite","status":"publish","type":"page","link":"https:\/\/www.bali-island.com\/fr\/politique-de-confidentialite\/","title":{"rendered":"Politique de Confidentialit\u00e9"},"content":{"rendered":"<p class=\"\" data-start=\"188\" data-end=\"490\">Bienvenue sur <strong data-start=\"202\" data-end=\"221\">bali-island.com<\/strong>. Votre vie priv\u00e9e est importante pour nous, et nous nous engageons \u00e0 prot\u00e9ger les informations personnelles de nos visiteurs. Cette politique de confidentialit\u00e9 explique comment nous collectons, utilisons et prot\u00e9geons vos donn\u00e9es lorsque vous naviguez sur notre site.<\/p>\n<h2 data-start=\"492\" data-end=\"533\">1. Informations que nous collectons<\/h2>\n<p class=\"\" data-start=\"534\" data-end=\"621\">Nous pouvons collecter des informations personnelles et non personnelles, notamment :<\/p>\n<ul data-start=\"622\" data-end=\"897\">\n<li class=\"\" data-start=\"622\" data-end=\"728\">\n<p class=\"\" data-start=\"624\" data-end=\"728\">Nom et adresse e-mail (si vous remplissez un formulaire de contact ou vous abonnez \u00e0 notre newsletter)<\/p>\n<\/li>\n<li class=\"\" data-start=\"729\" data-end=\"848\">\n<p class=\"\" data-start=\"731\" data-end=\"848\">Donn\u00e9es d\u2019utilisation comme les pages visit\u00e9es, la dur\u00e9e de navigation, le type d\u2019appareil et le navigateur utilis\u00e9<\/p>\n<\/li>\n<li class=\"\" data-start=\"849\" data-end=\"897\">\n<p class=\"\" data-start=\"851\" data-end=\"897\">Adresse IP et donn\u00e9es de localisation g\u00e9n\u00e9rale<\/p>\n<\/li>\n<\/ul>\n<h2 data-start=\"899\" data-end=\"947\">2. Comment nous utilisons vos informations<\/h2>\n<p class=\"\" data-start=\"948\" data-end=\"1007\">Les informations collect\u00e9es peuvent \u00eatre utilis\u00e9es pour :<\/p>\n<ul data-start=\"1008\" data-end=\"1251\">\n<li class=\"\" data-start=\"1008\" data-end=\"1073\">\n<p class=\"\" data-start=\"1010\" data-end=\"1073\">Fournir et am\u00e9liorer le contenu et les services de notre site<\/p>\n<\/li>\n<li class=\"\" data-start=\"1074\" data-end=\"1114\">\n<p class=\"\" data-start=\"1076\" data-end=\"1114\">R\u00e9pondre \u00e0 vos questions ou demandes<\/p>\n<\/li>\n<li class=\"\" data-start=\"1115\" data-end=\"1178\">\n<p class=\"\" data-start=\"1117\" data-end=\"1178\">Vous envoyer des e-mails ou newsletters si vous \u00eates abonn\u00e9<\/p>\n<\/li>\n<li class=\"\" data-start=\"1179\" data-end=\"1251\">\n<p class=\"\" data-start=\"1181\" data-end=\"1251\">Analyser l\u2019utilisation du site pour am\u00e9liorer l\u2019exp\u00e9rience utilisateur<\/p>\n<\/li>\n<\/ul>\n<h2 data-start=\"1253\" data-end=\"1294\">3. Cookies et technologies de suivi<\/h2>\n<p class=\"\" data-start=\"1295\" data-end=\"1552\">Notre site utilise des <strong data-start=\"1318\" data-end=\"1329\">cookies<\/strong> pour enregistrer les pr\u00e9f\u00e9rences des utilisateurs et suivre l\u2019activit\u00e9 sur le site. Vous pouvez d\u00e9sactiver les cookies dans les param\u00e8tres de votre navigateur, mais cela pourrait affecter certaines fonctionnalit\u00e9s du site.<\/p>\n<h2 data-start=\"1554\" data-end=\"1588\">4. Protection de vos donn\u00e9es<\/h2>\n<p class=\"\" data-start=\"1589\" data-end=\"1764\">Nous mettons en \u0153uvre des mesures de s\u00e9curit\u00e9 techniques et administratives pour prot\u00e9ger vos donn\u00e9es personnelles contre tout acc\u00e8s non autoris\u00e9, modification ou divulgation.<\/p>\n<h2 data-start=\"1766\" data-end=\"1801\">5. Liens vers des sites tiers<\/h2>\n<p class=\"\" data-start=\"1802\" data-end=\"1956\">Notre site peut contenir des liens vers d&rsquo;autres sites. Nous ne sommes pas responsables des pratiques de confidentialit\u00e9 ou du contenu de ces sites tiers.<\/p>\n<h2 data-start=\"1958\" data-end=\"1985\">6. Votre consentement<\/h2>\n<p class=\"\" data-start=\"1986\" data-end=\"2134\">En utilisant bali-island.com, vous consentez \u00e0 la collecte et \u00e0 l&rsquo;utilisation de vos informations conform\u00e9ment \u00e0 cette politique de confidentialit\u00e9.<\/p>\n<h2 data-start=\"2136\" data-end=\"2177\">7. Modifications de cette politique<\/h2>\n<p class=\"\" data-start=\"2178\" data-end=\"2342\">Nous pouvons mettre \u00e0 jour cette politique de confidentialit\u00e9 de temps \u00e0 autre. Toute modification sera publi\u00e9e sur cette page avec la nouvelle date de mise \u00e0 jour.<\/p>\n","protected":false},"excerpt":{"rendered":"<p>Bienvenue sur bali-island.com. Votre vie priv\u00e9e est importante&#8230;<\/p>\n","protected":false},"author":1,"featured_media":0,"parent":0,"menu_order":0,"comment_status":"closed","ping_status":"open","template":"page-fullwidth.php","meta":{"footnotes":""},"class_list":["post-314","page","type-page","status-publish","hentry"],"yoast_head":"<!-- This site is optimized with the Yoast SEO plugin v25.8 - https:\/\/yoast.com\/wordpress\/plugins\/seo\/ -->\n<title>Politique de Confidentialit\u00e9<\/title>\n<meta name=\"description\" content=\"D\u00e9couvrez comment bali-island.com collecte, utilise et prot\u00e8ge vos donn\u00e9es personnelles lorsque vous acc\u00e9dez \u00e0 notre site. Votre vie priv\u00e9e est notre priorit\u00e9.\" \/>\n<meta name=\"robots\" content=\"index, follow, max-snippet:-1, max-image-preview:large, max-video-preview:-1\" \/>\n<link rel=\"canonical\" href=\"https:\/\/www.bali-island.com\/fr\/politique-de-confidentialite\/\" \/>\n<meta property=\"og:locale\" content=\"fr_FR\" \/>\n<meta property=\"og:type\" content=\"article\" \/>\n<meta property=\"og:title\" content=\"Politique de Confidentialit\u00e9\" \/>\n<meta property=\"og:description\" content=\"D\u00e9couvrez comment bali-island.com collecte, utilise et prot\u00e8ge vos donn\u00e9es personnelles lorsque vous acc\u00e9dez \u00e0 notre site. Votre vie priv\u00e9e est notre priorit\u00e9.\" \/>\n<meta property=\"og:url\" content=\"https:\/\/www.bali-island.com\/fr\/politique-de-confidentialite\/\" \/>\n<meta property=\"og:site_name\" content=\"Bali Island\" \/>\n<meta property=\"article:publisher\" content=\"https:\/\/www.facebook.com\/people\/Bali-Island\/61575583076902\/\" \/>\n<meta property=\"article:modified_time\" content=\"2025-04-23T05:15:23+00:00\" \/>\n<meta name=\"twitter:card\" content=\"summary_large_image\" \/>\n<meta name=\"twitter:label1\" content=\"Dur\u00e9e de lecture estim\u00e9e\" \/>\n\t<meta name=\"twitter:data1\" content=\"2 minutes\" \/>\n<script type=\"application\/ld+json\" class=\"yoast-schema-graph\">{\"@context\":\"https:\/\/schema.org\",\"@graph\":[{\"@type\":\"WebPage\",\"@id\":\"https:\/\/www.bali-island.com\/fr\/politique-de-confidentialite\/\",\"url\":\"https:\/\/www.bali-island.com\/fr\/politique-de-confidentialite\/\",\"name\":\"Politique de Confidentialit\u00e9\",\"isPartOf\":{\"@id\":\"https:\/\/www.bali-island.com\/fr\/#website\"},\"datePublished\":\"2023-03-13T05:15:09+00:00\",\"dateModified\":\"2025-04-23T05:15:23+00:00\",\"description\":\"D\u00e9couvrez comment bali-island.com collecte, utilise et prot\u00e8ge vos donn\u00e9es personnelles lorsque vous acc\u00e9dez \u00e0 notre site. Votre vie priv\u00e9e est notre priorit\u00e9.\",\"breadcrumb\":{\"@id\":\"https:\/\/www.bali-island.com\/fr\/politique-de-confidentialite\/#breadcrumb\"},\"inLanguage\":\"fr-FR\",\"potentialAction\":[{\"@type\":\"ReadAction\",\"target\":[\"https:\/\/www.bali-island.com\/fr\/politique-de-confidentialite\/\"]}]},{\"@type\":\"BreadcrumbList\",\"@id\":\"https:\/\/www.bali-island.com\/fr\/politique-de-confidentialite\/#breadcrumb\",\"itemListElement\":[{\"@type\":\"ListItem\",\"position\":1,\"name\":\"Home\",\"item\":\"https:\/\/www.bali-island.com\/fr\/\"},{\"@type\":\"ListItem\",\"position\":2,\"name\":\"Politique de Confidentialit\u00e9\"}]},{\"@type\":\"WebSite\",\"@id\":\"https:\/\/www.bali-island.com\/fr\/#website\",\"url\":\"https:\/\/www.bali-island.com\/fr\/\",\"name\":\"Bali Island\",\"description\":\"More Than Just a Destination\",\"publisher\":{\"@id\":\"https:\/\/www.bali-island.com\/fr\/#organization\"},\"potentialAction\":[{\"@type\":\"SearchAction\",\"target\":{\"@type\":\"EntryPoint\",\"urlTemplate\":\"https:\/\/www.bali-island.com\/fr\/?s={search_term_string}\"},\"query-input\":{\"@type\":\"PropertyValueSpecification\",\"valueRequired\":true,\"valueName\":\"search_term_string\"}}],\"inLanguage\":\"fr-FR\"},{\"@type\":\"Organization\",\"@id\":\"https:\/\/www.bali-island.com\/fr\/#organization\",\"name\":\"\u00cele de Bali\",\"url\":\"https:\/\/www.bali-island.com\/fr\/\",\"logo\":{\"@type\":\"ImageObject\",\"inLanguage\":\"fr-FR\",\"@id\":\"https:\/\/www.bali-island.com\/fr\/#\/schema\/logo\/image\/\",\"url\":\"https:\/\/www.bali-island.com\/wp-content\/uploads\/2025\/04\/cropped-Untitled_design__13_-removebg-preview-1.png\",\"contentUrl\":\"https:\/\/www.bali-island.com\/wp-content\/uploads\/2025\/04\/cropped-Untitled_design__13_-removebg-preview-1.png\",\"width\":512,\"height\":512,\"caption\":\"\u00cele de Bali\"},\"image\":{\"@id\":\"https:\/\/www.bali-island.com\/fr\/#\/schema\/logo\/image\/\"},\"sameAs\":[\"https:\/\/www.facebook.com\/people\/Bali-Island\/61575583076902\/\"]}]}<\/script>\n<!-- \/ Yoast SEO plugin. -->","yoast_head_json":{"title":"Politique de Confidentialit\u00e9","description":"D\u00e9couvrez comment bali-island.com collecte, utilise et prot\u00e8ge vos donn\u00e9es personnelles lorsque vous acc\u00e9dez \u00e0 notre site. Votre vie priv\u00e9e est notre priorit\u00e9.","robots":{"index":"index","follow":"follow","max-snippet":"max-snippet:-1","max-image-preview":"max-image-preview:large","max-video-preview":"max-video-preview:-1"},"canonical":"https:\/\/www.bali-island.com\/fr\/politique-de-confidentialite\/","og_locale":"fr_FR","og_type":"article","og_title":"Politique de Confidentialit\u00e9","og_description":"D\u00e9couvrez comment bali-island.com collecte, utilise et prot\u00e8ge vos donn\u00e9es personnelles lorsque vous acc\u00e9dez \u00e0 notre site. Votre vie priv\u00e9e est notre priorit\u00e9.","og_url":"https:\/\/www.bali-island.com\/fr\/politique-de-confidentialite\/","og_site_name":"Bali Island","article_publisher":"https:\/\/www.facebook.com\/people\/Bali-Island\/61575583076902\/","article_modified_time":"2025-04-23T05:15:23+00:00","twitter_card":"summary_large_image","twitter_misc":{"Dur\u00e9e de lecture estim\u00e9e":"2 minutes"},"schema":{"@context":"https:\/\/schema.org","@graph":[{"@type":"WebPage","@id":"https:\/\/www.bali-island.com\/fr\/politique-de-confidentialite\/","url":"https:\/\/www.bali-island.com\/fr\/politique-de-confidentialite\/","name":"Politique de Confidentialit\u00e9","isPartOf":{"@id":"https:\/\/www.bali-island.com\/fr\/#website"},"datePublished":"2023-03-13T05:15:09+00:00","dateModified":"2025-04-23T05:15:23+00:00","description":"D\u00e9couvrez comment bali-island.com collecte, utilise et prot\u00e8ge vos donn\u00e9es personnelles lorsque vous acc\u00e9dez \u00e0 notre site. Votre vie priv\u00e9e est notre priorit\u00e9.","breadcrumb":{"@id":"https:\/\/www.bali-island.com\/fr\/politique-de-confidentialite\/#breadcrumb"},"inLanguage":"fr-FR","potentialAction":[{"@type":"ReadAction","target":["https:\/\/www.bali-island.com\/fr\/politique-de-confidentialite\/"]}]},{"@type":"BreadcrumbList","@id":"https:\/\/www.bali-island.com\/fr\/politique-de-confidentialite\/#breadcrumb","itemListElement":[{"@type":"ListItem","position":1,"name":"Home","item":"https:\/\/www.bali-island.com\/fr\/"},{"@type":"ListItem","position":2,"name":"Politique de Confidentialit\u00e9"}]},{"@type":"WebSite","@id":"https:\/\/www.bali-island.com\/fr\/#website","url":"https:\/\/www.bali-island.com\/fr\/","name":"Bali Island","description":"More Than Just a Destination","publisher":{"@id":"https:\/\/www.bali-island.com\/fr\/#organization"},"potentialAction":[{"@type":"SearchAction","target":{"@type":"EntryPoint","urlTemplate":"https:\/\/www.bali-island.com\/fr\/?s={search_term_string}"},"query-input":{"@type":"PropertyValueSpecification","valueRequired":true,"valueName":"search_term_string"}}],"inLanguage":"fr-FR"},{"@type":"Organization","@id":"https:\/\/www.bali-island.com\/fr\/#organization","name":"\u00cele de Bali","url":"https:\/\/www.bali-island.com\/fr\/","logo":{"@type":"ImageObject","inLanguage":"fr-FR","@id":"https:\/\/www.bali-island.com\/fr\/#\/schema\/logo\/image\/","url":"https:\/\/www.bali-island.com\/wp-content\/uploads\/2025\/04\/cropped-Untitled_design__13_-removebg-preview-1.png","contentUrl":"https:\/\/www.bali-island.com\/wp-content\/uploads\/2025\/04\/cropped-Untitled_design__13_-removebg-preview-1.png","width":512,"height":512,"caption":"\u00cele de Bali"},"image":{"@id":"https:\/\/www.bali-island.com\/fr\/#\/schema\/logo\/image\/"},"sameAs":["https:\/\/www.facebook.com\/people\/Bali-Island\/61575583076902\/"]}]}},"_links":{"self":[{"href":"https:\/\/www.bali-island.com\/fr\/wp-json\/wp\/v2\/pages\/314","targetHints":{"allow":["GET"]}}],"collection":[{"href":"https:\/\/www.bali-island.com\/fr\/wp-json\/wp\/v2\/pages"}],"about":[{"href":"https:\/\/www.bali-island.com\/fr\/wp-json\/wp\/v2\/types\/page"}],"author":[{"embeddable":true,"href":"https:\/\/www.bali-island.com\/fr\/wp-json\/wp\/v2\/users\/1"}],"replies":[{"embeddable":true,"href":"https:\/\/www.bali-island.com\/fr\/wp-json\/wp\/v2\/comments?post=314"}],"version-history":[{"count":0,"href":"https:\/\/www.bali-island.com\/fr\/wp-json\/wp\/v2\/pages\/314\/revisions"}],"wp:attachment":[{"href":"https:\/\/www.bali-island.com\/fr\/wp-json\/wp\/v2\/media?parent=314"}],"curies":[{"name":"wp","href":"https:\/\/api.w.org\/{rel}","templated":true}]}}